{"id":1294,"date":"2015-04-29T02:37:16","date_gmt":"2015-04-29T02:37:16","guid":{"rendered":"http:\/\/it3sa.com\/calidad-2\/"},"modified":"2018-08-20T15:32:06","modified_gmt":"2018-08-20T15:32:06","slug":"qualite","status":"publish","type":"page","link":"https:\/\/it3sa.com\/fr\/qualite\/","title":{"rendered":"Qualit\u00e9"},"content":{"rendered":"<p>[et_pb_section bb_built=\u00a0\u00bb1&Prime; fullwidth=\u00a0\u00bbon\u00a0\u00bb _builder_version=\u00a0\u00bb3.12.2&Prime; background_color=\u00a0\u00bb#f39200&Prime; transparent_background=\u00a0\u00bboff\u00a0\u00bb background_blend=\u00a0\u00bbmultiply\u00a0\u00bb background_image=\u00a0\u00bbhttp:\/\/it3sa.com\/wp-content\/uploads\/2018\/08\/it3-bg03.jpg\u00a0\u00bb custom_padding=\u00a0\u00bb0|0px|0px|0px|false|false\u00a0\u00bb next_background_color=\u00a0\u00bb#ffffff\u00a0\u00bb][et_pb_fullwidth_header title=\u00a0\u00bbQualit\u00e9\u00a0\u00bb subhead=\u00a0\u00bbNotre engagement envers la qualit\u00e9 et l&rsquo;environnement\u00a0\u00bb text_orientation=\u00a0\u00bbcenter\u00a0\u00bb _builder_version=\u00a0\u00bb3.12.2&Prime; title_font_size=\u00a0\u00bb50px\u00a0\u00bb title_font=\u00a0\u00bb|800|||||||\u00a0\u00bb title_font_size_last_edited=\u00a0\u00bbon|phone\u00a0\u00bb title_font_size_tablet=\u00a0\u00bb40px\u00a0\u00bb title_font_size_phone=\u00a0\u00bb30px\u00a0\u00bb subhead_font=\u00a0\u00bb|700|on||||||\u00a0\u00bb subhead_font_size=\u00a0\u00bb24px\u00a0\u00bb subhead_font_size_last_edited=\u00a0\u00bbon|phone\u00a0\u00bb subhead_font_size_tablet=\u00a0\u00bb20px\u00a0\u00bb subhead_font_size_phone=\u00a0\u00bb18px\u00a0\u00bb \/][\/et_pb_section][et_pb_section bb_built=\u00a0\u00bb1&Prime; _builder_version=\u00a0\u00bb3.0.74&Prime; background_color=\u00a0\u00bb#ffffff\u00a0\u00bb background_image=\u00a0\u00bbhttp:\/\/it3sa.com\/wp-content\/uploads\/2015\/04\/it3-calidad-laboratorio.jpg\u00a0\u00bb transparent_background=\u00a0\u00bboff\u00a0\u00bb prev_background_color=\u00a0\u00bb#f39200&Prime; next_background_color=\u00a0\u00bb#ffffff\u00a0\u00bb][et_pb_row _builder_version=\u00a0\u00bb3.0.48&Prime; background_size=\u00a0\u00bbinitial\u00a0\u00bb background_position=\u00a0\u00bbtop_left\u00a0\u00bb background_repeat=\u00a0\u00bbrepeat\u00a0\u00bb][et_pb_column type=\u00a0\u00bb1_2&Prime;][et_pb_divider show_divider=\u00a0\u00bboff\u00a0\u00bb height=\u00a0\u00bb10&Prime; disabled_on=\u00a0\u00bbon|on|off\u00a0\u00bb _builder_version=\u00a0\u00bb3.2&Prime; \/][\/et_pb_column][et_pb_column type=\u00a0\u00bb1_2&Prime;][et_pb_text module_id=\u00a0\u00bbit-par-calidad\u00a0\u00bb _builder_version=\u00a0\u00bb3.12.2&Prime; background_size=\u00a0\u00bbinitial\u00a0\u00bb background_position=\u00a0\u00bbtop_left\u00a0\u00bb background_repeat=\u00a0\u00bbrepeat\u00a0\u00bb background_layout=\u00a0\u00bbdark\u00a0\u00bb]<\/p>\n<p><strong>Pour nous la qualit\u00e9 ne se r\u00e9sume pas uniquement \u00e0 nos produits. Notre engagement est aussi de les d\u00e9velopper en suivant le respect de l\u2019environnement. Cette philosophie nous a permis d\u2019obtenir il y a plusieurs ann\u00e9es les normes ISO 9001 et 14001.<\/strong><\/p>\n<p>Nous travaillons chaque jour pour garantir la plus haute qualit\u00e9 dans tous nos produits, en recherchant et en d\u00e9veloppant des nouvelles formules toujours plus respectueuses de l\u2019environnement.<\/p>\n<p>[\/et_pb_text][\/et_pb_column][\/et_pb_row][et_pb_row _builder_version=\u00a0\u00bb3.0.48&Prime; background_size=\u00a0\u00bbinitial\u00a0\u00bb background_position=\u00a0\u00bbtop_left\u00a0\u00bb background_repeat=\u00a0\u00bbrepeat\u00a0\u00bb][et_pb_column type=\u00a0\u00bb1_2&Prime;][et_pb_image src=\u00a0\u00bbhttp:\/\/it3sa.com\/wp-content\/uploads\/2018\/08\/it3-calidad.png\u00a0\u00bb module_class=\u00a0\u00bbit-clar-semi\u00a0\u00bb _builder_version=\u00a0\u00bb3.12.2&Prime; \/][\/et_pb_column][et_pb_column type=\u00a0\u00bb1_4&Prime;][et_pb_image src=\u00a0\u00bbhttp:\/\/it3sa.com\/wp-content\/uploads\/2015\/04\/calidad-03.png\u00a0\u00bb module_class=\u00a0\u00bbit-clar-semi it-qual-img\u00a0\u00bb _builder_version=\u00a0\u00bb3.0.74&Prime; animation=\u00a0\u00bboff\u00a0\u00bb sticky=\u00a0\u00bboff\u00a0\u00bb \/][\/et_pb_column][et_pb_column type=\u00a0\u00bb1_4&Prime;][et_pb_image src=\u00a0\u00bbhttp:\/\/it3sa.com\/wp-content\/uploads\/2015\/04\/calidad-04.png\u00a0\u00bb module_class=\u00a0\u00bbit-clar-semi it-qual-img\u00a0\u00bb _builder_version=\u00a0\u00bb3.0.74&Prime; animation=\u00a0\u00bboff\u00a0\u00bb sticky=\u00a0\u00bboff\u00a0\u00bb \/][\/et_pb_column][\/et_pb_row][\/et_pb_section][et_pb_section bb_built=\u00a0\u00bb1&Prime; _builder_version=\u00a0\u00bb3.0.47&Prime; prev_background_color=\u00a0\u00bb#000000&Prime;][et_pb_row _builder_version=\u00a0\u00bb3.0.48&Prime; background_size=\u00a0\u00bbinitial\u00a0\u00bb background_position=\u00a0\u00bbtop_left\u00a0\u00bb background_repeat=\u00a0\u00bbrepeat\u00a0\u00bb][et_pb_column type=\u00a0\u00bb4_4&Prime;][et_pb_cta title=\u00a0\u00bbVous avez des questions?\u00a0\u00bb button_url=\u00a0\u00bbhttp:\/\/it3sa.com\/fr\/contact\/\u00a0\u00bb button_text=\u00a0\u00bbContactez-nous\u00a0\u00bb _builder_version=\u00a0\u00bb3.0.48&Prime; use_background_color=\u00a0\u00bboff\u00a0\u00bb background_size=\u00a0\u00bbinitial\u00a0\u00bb background_position=\u00a0\u00bbtop_left\u00a0\u00bb background_repeat=\u00a0\u00bbrepeat\u00a0\u00bb background_layout=\u00a0\u00bblight\u00a0\u00bb \/][\/et_pb_column][\/et_pb_row][\/et_pb_section]<\/p>\n","protected":false},"excerpt":{"rendered":"<p>Pour nous la qualit\u00e9 ne se r\u00e9sume pas uniquement \u00e0 nos produits. Notre engagement est aussi de les d\u00e9velopper en suivant le respect de l\u2019environnement. Cette philosophie nous a permis d\u2019obtenir il y a plusieurs ann\u00e9es les normes ISO 9001 et 14001. Nous travaillons chaque jour pour garantir la plus haute qualit\u00e9 dans tous nos [&hellip;]<\/p>\n","protected":false},"author":2,"featured_media":0,"parent":0,"menu_order":0,"comment_status":"closed","ping_status":"closed","template":"","meta":{"_et_pb_use_builder":"on","_et_pb_old_content":"","_et_gb_content_width":"","footnotes":""},"class_list":["post-1294","page","type-page","status-publish","hentry"],"_links":{"self":[{"href":"https:\/\/it3sa.com\/fr\/wp-json\/wp\/v2\/pages\/1294","targetHints":{"allow":["GET"]}}],"collection":[{"href":"https:\/\/it3sa.com\/fr\/wp-json\/wp\/v2\/pages"}],"about":[{"href":"https:\/\/it3sa.com\/fr\/wp-json\/wp\/v2\/types\/page"}],"author":[{"embeddable":true,"href":"https:\/\/it3sa.com\/fr\/wp-json\/wp\/v2\/users\/2"}],"replies":[{"embeddable":true,"href":"https:\/\/it3sa.com\/fr\/wp-json\/wp\/v2\/comments?post=1294"}],"version-history":[{"count":8,"href":"https:\/\/it3sa.com\/fr\/wp-json\/wp\/v2\/pages\/1294\/revisions"}],"predecessor-version":[{"id":2506,"href":"https:\/\/it3sa.com\/fr\/wp-json\/wp\/v2\/pages\/1294\/revisions\/2506"}],"wp:attachment":[{"href":"https:\/\/it3sa.com\/fr\/wp-json\/wp\/v2\/media?parent=1294"}],"curies":[{"name":"wp","href":"https:\/\/api.w.org\/{rel}","templated":true}]}}