{"id":2158,"date":"2015-04-08T15:59:44","date_gmt":"2015-04-08T15:59:44","guid":{"rendered":"http:\/\/it3sa.com\/?post_type=product&#038;p=2158"},"modified":"2023-05-15T15:24:27","modified_gmt":"2023-05-15T15:24:27","slug":"soldaplastic","status":"publish","type":"product","link":"https:\/\/it3sa.com\/fr\/producto\/soldaplastic\/","title":{"rendered":"Soldaplastic"},"content":{"rendered":"<p>Adh\u00e9sif formul\u00e9 pour l\u2019union de tubes et raccords PVC haute pression. Le soudage chimique r\u00e9sultant a autant ou plus r\u00e9sistance que la tuyauterie. S\u00e9chage rapide.<\/p>\n<h3>Pr\u00e9sentations<\/h3>\n<ul>\n<li>Pot 1.000 ml. Bouchon \u00e0 vis<\/li>\n<li>Pot 1.000 ml. Couvercle de valve<\/li>\n<li>Pot 1.000 ml. Bouchon avec pinceau<\/li>\n<li>Pot 500 ml. Bouchon \u00e0 vis<\/li>\n<li>Pot 500 ml. Bouchon avec pinceau<\/li>\n<li>Pot 250 ml. Bouchon avec pinceau<\/li>\n<li>Tube 125 ml.<\/li>\n<\/ul>\n","protected":false},"excerpt":{"rendered":"<p>Adh\u00e9sif formul\u00e9 pour l\u2019union de tubes et raccords PVC haute pression. Le soudage chimique r\u00e9sultant a autant ou plus r\u00e9sistance que la tuyauterie. S\u00e9chage rapide.<\/p>\n<h3>Pr\u00e9sentations<\/h3>\n<ul>\n<li>Pot 1.000 ml. Bouchon \u00e0 vis<\/li>\n<li>Pot 1.000 ml. Couvercle de valve<\/li>\n<li>Pot 1.000 ml. Bouchon avec pinceau<\/li>\n<li>Pot 500 ml. Bouchon \u00e0 vis<\/li>\n<li>Pot 500 ml. Bouchon avec pinceau<\/li>\n<li>Pot 250 ml. Bouchon avec pinceau<\/li>\n<li>Tube 125 ml.<\/li>\n<\/ul>\n","protected":false},"featured_media":2733,"comment_status":"closed","ping_status":"closed","template":"","meta":{"_et_pb_use_builder":"","_et_pb_old_content":"","_et_gb_content_width":""},"product_brand":[],"product_cat":[19],"product_tag":[],"class_list":{"0":"post-2158","1":"product","2":"type-product","3":"status-publish","4":"has-post-thumbnail","6":"product_cat-colle-pvc","8":"first","9":"instock","10":"shipping-taxable","11":"product-type-simple"},"_links":{"self":[{"href":"https:\/\/it3sa.com\/fr\/wp-json\/wp\/v2\/product\/2158","targetHints":{"allow":["GET"]}}],"collection":[{"href":"https:\/\/it3sa.com\/fr\/wp-json\/wp\/v2\/product"}],"about":[{"href":"https:\/\/it3sa.com\/fr\/wp-json\/wp\/v2\/types\/product"}],"replies":[{"embeddable":true,"href":"https:\/\/it3sa.com\/fr\/wp-json\/wp\/v2\/comments?post=2158"}],"wp:featuredmedia":[{"embeddable":true,"href":"https:\/\/it3sa.com\/fr\/wp-json\/wp\/v2\/media\/2733"}],"wp:attachment":[{"href":"https:\/\/it3sa.com\/fr\/wp-json\/wp\/v2\/media?parent=2158"}],"wp:term":[{"taxonomy":"product_brand","embeddable":true,"href":"https:\/\/it3sa.com\/fr\/wp-json\/wp\/v2\/product_brand?post=2158"},{"taxonomy":"product_cat","embeddable":true,"href":"https:\/\/it3sa.com\/fr\/wp-json\/wp\/v2\/product_cat?post=2158"},{"taxonomy":"product_tag","embeddable":true,"href":"https:\/\/it3sa.com\/fr\/wp-json\/wp\/v2\/product_tag?post=2158"}],"curies":[{"name":"wp","href":"https:\/\/api.w.org\/{rel}","templated":true}]}}