{"id":233,"date":"2015-04-19T21:14:07","date_gmt":"2015-04-19T21:14:07","guid":{"rendered":"http:\/\/it3sa.com\/producto\/disolvente-limpiador-l-2\/"},"modified":"2023-05-15T14:24:03","modified_gmt":"2023-05-15T14:24:03","slug":"decapant-l-30","status":"publish","type":"product","link":"https:\/\/it3sa.com\/fr\/producto\/decapant-l-30\/","title":{"rendered":"D\u00e9capant L-30"},"content":{"rendered":"<p>L-30 est un d\u00e9capant extra fort sp\u00e9cialement con\u00e7u pour nettoyer et d\u00e9graisser les tubes et les raccords PVC rigide et souple. Id\u00e9al pour garantir un bon collage. D\u00e9graisse et \u00e9limine la salet\u00e9 des surfaces \u00e0 coller. Indispensable pour obtenir un assemblage parfait qui pr\u00e9pare chimiquement les surfaces \u00e0 unir.<\/p>\n<h3>Pr\u00e9sentations<\/h3>\n<ul>\n<li>Pot 1.000 ml.<\/li>\n<li>Pot 500 ml.<\/li>\n<li>Pot en plastique 1.000 ml.<\/li>\n<li>Pot en plastique 500 ml.<\/li>\n<li>Pot en plastique 250 ml.<\/li>\n<\/ul>\n","protected":false},"excerpt":{"rendered":"<p>L-30 est un d\u00e9capant extra fort sp\u00e9cialement con\u00e7u pour nettoyer et d\u00e9graisser les tubes et les raccords PVC rigide et souple. Id\u00e9al pour garantir un bon collage. D\u00e9graisse et \u00e9limine la salet\u00e9 des surfaces \u00e0 coller. Indispensable pour obtenir un assemblage parfait qui pr\u00e9pare chimiquement les surfaces \u00e0 unir.<\/p>\n<h3>Pr\u00e9sentations<\/h3>\n<ul>\n<li>Pot 1.000 ml.<\/li>\n<li>Pot 500 ml.<\/li>\n<li>Pot en plastique 1.000 ml.<\/li>\n<li>Pot en plastique 500 ml.<\/li>\n<li>Pot en plastique 250 ml.<\/li>\n<\/ul>\n","protected":false},"featured_media":2712,"comment_status":"open","ping_status":"closed","template":"","meta":{"_et_pb_use_builder":"","_et_pb_old_content":"","_et_gb_content_width":""},"product_brand":[],"product_cat":[19],"product_tag":[],"class_list":{"0":"post-233","1":"product","2":"type-product","3":"status-publish","4":"has-post-thumbnail","6":"product_cat-colle-pvc","8":"first","9":"instock","10":"shipping-taxable","11":"product-type-simple"},"_links":{"self":[{"href":"https:\/\/it3sa.com\/fr\/wp-json\/wp\/v2\/product\/233","targetHints":{"allow":["GET"]}}],"collection":[{"href":"https:\/\/it3sa.com\/fr\/wp-json\/wp\/v2\/product"}],"about":[{"href":"https:\/\/it3sa.com\/fr\/wp-json\/wp\/v2\/types\/product"}],"replies":[{"embeddable":true,"href":"https:\/\/it3sa.com\/fr\/wp-json\/wp\/v2\/comments?post=233"}],"wp:featuredmedia":[{"embeddable":true,"href":"https:\/\/it3sa.com\/fr\/wp-json\/wp\/v2\/media\/2712"}],"wp:attachment":[{"href":"https:\/\/it3sa.com\/fr\/wp-json\/wp\/v2\/media?parent=233"}],"wp:term":[{"taxonomy":"product_brand","embeddable":true,"href":"https:\/\/it3sa.com\/fr\/wp-json\/wp\/v2\/product_brand?post=233"},{"taxonomy":"product_cat","embeddable":true,"href":"https:\/\/it3sa.com\/fr\/wp-json\/wp\/v2\/product_cat?post=233"},{"taxonomy":"product_tag","embeddable":true,"href":"https:\/\/it3sa.com\/fr\/wp-json\/wp\/v2\/product_tag?post=233"}],"curies":[{"name":"wp","href":"https:\/\/api.w.org\/{rel}","templated":true}]}}