{"id":254,"date":"2015-04-19T20:19:52","date_gmt":"2015-04-19T20:19:52","guid":{"rendered":"http:\/\/it3sa.com\/producto\/silicona-multiuso-2\/"},"modified":"2023-05-15T14:27:08","modified_gmt":"2023-05-15T14:27:08","slug":"silicone-multi-usages","status":"publish","type":"product","link":"https:\/\/it3sa.com\/fr\/producto\/silicone-multi-usages\/","title":{"rendered":"Silicone Multi-usages"},"content":{"rendered":"<p>Produit pour scellement mono-composant \u00e0 base de silicone de r\u00e9ticulation acide avec fongicide anti-moisissures. Application facile. En contact avec l\u2019humidit\u00e9 de l\u2019atmosph\u00e8re il devient un joint \u00e9lastique r\u00e9sistant \u00e0 l\u2019ext\u00e9rieur.<\/p>\n<h3>Pr\u00e9sentation<\/h3>\n<ul>\n<li>Cartouche 280 ml. Blanc<\/li>\n<li>Cartouche 280 ml. Transparent<\/li>\n<\/ul>\n","protected":false},"excerpt":{"rendered":"<p>Produit pour scellement mono-composant \u00e0 base de silicone de r\u00e9ticulation acide avec fongicide anti-moisissures. Application facile. En contact avec l\u2019humidit\u00e9 de l\u2019atmosph\u00e8re il devient un joint \u00e9lastique r\u00e9sistant \u00e0 l\u2019ext\u00e9rieur.<\/p>\n<h3>Pr\u00e9sentation<\/h3>\n<ul>\n<li>Cartouche 280 ml. Blanc<\/li>\n<li>Cartouche 280 ml. Transparent<\/li>\n<\/ul>\n","protected":false},"featured_media":2748,"comment_status":"open","ping_status":"closed","template":"","meta":{"_et_pb_use_builder":"","_et_pb_old_content":"","_et_gb_content_width":""},"product_brand":[],"product_cat":[21],"product_tag":[],"class_list":{"0":"post-254","1":"product","2":"type-product","3":"status-publish","4":"has-post-thumbnail","6":"product_cat-mastics-et-mousses","8":"first","9":"instock","10":"shipping-taxable","11":"product-type-simple"},"_links":{"self":[{"href":"https:\/\/it3sa.com\/fr\/wp-json\/wp\/v2\/product\/254","targetHints":{"allow":["GET"]}}],"collection":[{"href":"https:\/\/it3sa.com\/fr\/wp-json\/wp\/v2\/product"}],"about":[{"href":"https:\/\/it3sa.com\/fr\/wp-json\/wp\/v2\/types\/product"}],"replies":[{"embeddable":true,"href":"https:\/\/it3sa.com\/fr\/wp-json\/wp\/v2\/comments?post=254"}],"wp:featuredmedia":[{"embeddable":true,"href":"https:\/\/it3sa.com\/fr\/wp-json\/wp\/v2\/media\/2748"}],"wp:attachment":[{"href":"https:\/\/it3sa.com\/fr\/wp-json\/wp\/v2\/media?parent=254"}],"wp:term":[{"taxonomy":"product_brand","embeddable":true,"href":"https:\/\/it3sa.com\/fr\/wp-json\/wp\/v2\/product_brand?post=254"},{"taxonomy":"product_cat","embeddable":true,"href":"https:\/\/it3sa.com\/fr\/wp-json\/wp\/v2\/product_cat?post=254"},{"taxonomy":"product_tag","embeddable":true,"href":"https:\/\/it3sa.com\/fr\/wp-json\/wp\/v2\/product_tag?post=254"}],"curies":[{"name":"wp","href":"https:\/\/api.w.org\/{rel}","templated":true}]}}