{"id":368,"date":"2015-04-09T09:51:21","date_gmt":"2015-04-09T09:51:21","guid":{"rendered":"http:\/\/it3sa.com\/producto\/adhesivo-contacto-laminas-pvc-2\/"},"modified":"2019-10-29T16:38:47","modified_gmt":"2019-10-29T16:38:47","slug":"colle-contact-lame-pvc","status":"publish","type":"product","link":"https:\/\/it3sa.com\/fr\/producto\/colle-contact-lame-pvc\/","title":{"rendered":"Colle Contact Lame PVC"},"content":{"rendered":"<p>Adh\u00e9sif sp\u00e9cial pour l\u2019union des lames de PVC flexible. Il se r\u00e9active avec la chaleur. Apte pour des lames de PVC rigide. Il peut \u00eatre utilis\u00e9 \u00e0 l\u2019ext\u00e9rieur.<\/p>\n<h3>Pr\u00e9sentations<\/h3>\n<ul>\n<li>Pot\u00a01.000 ml<\/li>\n<\/ul>\n","protected":false},"excerpt":{"rendered":"<p>Adh\u00e9sif sp\u00e9cial pour l\u2019union des lames de PVC flexible. Il se r\u00e9active avec la chaleur. Apte pour des lames de PVC rigide. Il peut \u00eatre utilis\u00e9 \u00e0 l\u2019ext\u00e9rieur.<\/p>\n<h3>Pr\u00e9sentations<\/h3>\n<ul>\n<li>Pot\u00a01.000 ml<\/li>\n<\/ul>\n","protected":false},"featured_media":2742,"comment_status":"open","ping_status":"closed","template":"","meta":{"_et_pb_use_builder":"","_et_pb_old_content":"","_et_gb_content_width":""},"product_brand":[],"product_cat":[22],"product_tag":[],"class_list":{"0":"post-368","1":"product","2":"type-product","3":"status-publish","4":"has-post-thumbnail","6":"product_cat-colles-contact","8":"first","9":"instock","10":"shipping-taxable","11":"product-type-simple"},"_links":{"self":[{"href":"https:\/\/it3sa.com\/fr\/wp-json\/wp\/v2\/product\/368","targetHints":{"allow":["GET"]}}],"collection":[{"href":"https:\/\/it3sa.com\/fr\/wp-json\/wp\/v2\/product"}],"about":[{"href":"https:\/\/it3sa.com\/fr\/wp-json\/wp\/v2\/types\/product"}],"replies":[{"embeddable":true,"href":"https:\/\/it3sa.com\/fr\/wp-json\/wp\/v2\/comments?post=368"}],"wp:featuredmedia":[{"embeddable":true,"href":"https:\/\/it3sa.com\/fr\/wp-json\/wp\/v2\/media\/2742"}],"wp:attachment":[{"href":"https:\/\/it3sa.com\/fr\/wp-json\/wp\/v2\/media?parent=368"}],"wp:term":[{"taxonomy":"product_brand","embeddable":true,"href":"https:\/\/it3sa.com\/fr\/wp-json\/wp\/v2\/product_brand?post=368"},{"taxonomy":"product_cat","embeddable":true,"href":"https:\/\/it3sa.com\/fr\/wp-json\/wp\/v2\/product_cat?post=368"},{"taxonomy":"product_tag","embeddable":true,"href":"https:\/\/it3sa.com\/fr\/wp-json\/wp\/v2\/product_tag?post=368"}],"curies":[{"name":"wp","href":"https:\/\/api.w.org\/{rel}","templated":true}]}}