{"id":389,"date":"2015-04-11T10:40:49","date_gmt":"2015-04-11T10:40:49","guid":{"rendered":"http:\/\/it3sa.com\/producto\/impermeabilizante-terrazas-y-cubiertas-2\/"},"modified":"2023-05-15T15:09:10","modified_gmt":"2023-05-15T15:09:10","slug":"impermeabilisation-terraces-et-couvertures","status":"publish","type":"product","link":"https:\/\/it3sa.com\/fr\/producto\/impermeabilisation-terraces-et-couvertures\/","title":{"rendered":"Imperm\u00e9abilisation Terraces et Couvertures"},"content":{"rendered":"<p>Rev\u00eatement imperm\u00e9able en base acrylique de haute qualit\u00e9. P\u00e2te fluide avec un bon niveau de thixotropie, d\u2019application facile en utilisant un rouleau, \u00e9quipe airless ou similaire. Une fois s\u00e8che, elle forme une lame \u00e9lastique imperm\u00e9able. Solution pour les probl\u00e8mes de goutti\u00e8res dans les toits et les terrasses.<\/p>\n<h3>Pres\u00e9ntation<\/h3>\n<ul>\n<li>Pot\u00a025 Kg. Tuile<\/li>\n<li>Pot\u00a025 Kg. Blanc<\/li>\n<li>Pot\u00a025 Kg. Gris<\/li>\n<li>Pot 5 Kg. Tuile<\/li>\n<li>Pot 5 Kg. Blanc<\/li>\n<li>Pot 5 Kg. Gris<\/li>\n<\/ul>\n","protected":false},"excerpt":{"rendered":"<p>Rev\u00eatement imperm\u00e9able en base acrylique de haute qualit\u00e9. P\u00e2te fluide avec un bon niveau de thixotropie, d\u2019application facile en utilisant un rouleau, \u00e9quipe airless ou similaire. Une fois s\u00e8che, elle forme une lame \u00e9lastique imperm\u00e9able. Solution pour les probl\u00e8mes de goutti\u00e8res dans les toits et les terrasses.<\/p>\n<h3>Pres\u00e9ntation<\/h3>\n<ul>\n<li>Pot\u00a025 Kg. Tuile<\/li>\n<li>Pot\u00a025 Kg. Blanc<\/li>\n<li>Pot\u00a025 Kg. Gris<\/li>\n<li>Pot 5 Kg. Tuile<\/li>\n<li>Pot 5 Kg. Blanc<\/li>\n<li>Pot 5 Kg. Gris<\/li>\n<\/ul>\n","protected":false},"featured_media":2754,"comment_status":"open","ping_status":"closed","template":"","meta":{"_et_pb_use_builder":"","_et_pb_old_content":"","_et_gb_content_width":""},"product_brand":[],"product_cat":[25],"product_tag":[],"class_list":{"0":"post-389","1":"product","2":"type-product","3":"status-publish","4":"has-post-thumbnail","6":"product_cat-impermeabilisation","8":"first","9":"instock","10":"shipping-taxable","11":"product-type-simple"},"_links":{"self":[{"href":"https:\/\/it3sa.com\/fr\/wp-json\/wp\/v2\/product\/389","targetHints":{"allow":["GET"]}}],"collection":[{"href":"https:\/\/it3sa.com\/fr\/wp-json\/wp\/v2\/product"}],"about":[{"href":"https:\/\/it3sa.com\/fr\/wp-json\/wp\/v2\/types\/product"}],"replies":[{"embeddable":true,"href":"https:\/\/it3sa.com\/fr\/wp-json\/wp\/v2\/comments?post=389"}],"wp:featuredmedia":[{"embeddable":true,"href":"https:\/\/it3sa.com\/fr\/wp-json\/wp\/v2\/media\/2754"}],"wp:attachment":[{"href":"https:\/\/it3sa.com\/fr\/wp-json\/wp\/v2\/media?parent=389"}],"wp:term":[{"taxonomy":"product_brand","embeddable":true,"href":"https:\/\/it3sa.com\/fr\/wp-json\/wp\/v2\/product_brand?post=389"},{"taxonomy":"product_cat","embeddable":true,"href":"https:\/\/it3sa.com\/fr\/wp-json\/wp\/v2\/product_cat?post=389"},{"taxonomy":"product_tag","embeddable":true,"href":"https:\/\/it3sa.com\/fr\/wp-json\/wp\/v2\/product_tag?post=389"}],"curies":[{"name":"wp","href":"https:\/\/api.w.org\/{rel}","templated":true}]}}