{"id":402,"date":"2015-04-09T10:55:01","date_gmt":"2015-04-09T10:55:01","guid":{"rendered":"http:\/\/it3sa.com\/producto\/caucho-butilo-2\/"},"modified":"2024-05-24T19:12:07","modified_gmt":"2024-05-24T19:12:07","slug":"caoutchouc-butyle","status":"publish","type":"product","link":"https:\/\/it3sa.com\/fr\/producto\/caoutchouc-butyle\/","title":{"rendered":"Caoutchouc Butyle"},"content":{"rendered":"<p>Rev\u00eatement imperm\u00e9able concentr\u00e9 de caoutchouc butyle, avec des r\u00e9sines sp\u00e9ciales. Une fois sec, il forme une couche fix\u00e9e au support, \u00e9lastique et imperm\u00e9able. Ce produit est recommand\u00e9 dans l\u2019imperm\u00e9abilisation des surfaces avec des eaux stagnantes. Il est r\u00e9sistant au froid, \u00e0 la chaleur et au vieillissement.<\/p>\n<h3>Pres\u00e9ntations<\/h3>\n<ul>\n<li>Pot 25 kg.<\/li>\n<li>Pot 5 kg.<\/li>\n<\/ul>\n","protected":false},"excerpt":{"rendered":"<p>Rev\u00eatement imperm\u00e9able concentr\u00e9 de caoutchouc butyle, avec des r\u00e9sines sp\u00e9ciales. Une fois sec, il forme une couche fix\u00e9e au support, \u00e9lastique et imperm\u00e9able. Ce produit est recommand\u00e9 dans l\u2019imperm\u00e9abilisation des surfaces avec des eaux stagnantes. Il est r\u00e9sistant au froid, \u00e0 la chaleur et au vieillissement.<\/p>\n<h3>Pres\u00e9ntations<\/h3>\n<ul>\n<li>Pot 25 kg.<\/li>\n<li>Pot 5 kg.<\/li>\n<\/ul>\n","protected":false},"featured_media":2763,"comment_status":"open","ping_status":"closed","template":"","meta":{"_et_pb_use_builder":"","_et_pb_old_content":"","_et_gb_content_width":""},"product_brand":[],"product_cat":[25],"product_tag":[],"class_list":{"0":"post-402","1":"product","2":"type-product","3":"status-publish","4":"has-post-thumbnail","6":"product_cat-impermeabilisation","8":"first","9":"instock","10":"shipping-taxable","11":"product-type-simple"},"_links":{"self":[{"href":"https:\/\/it3sa.com\/fr\/wp-json\/wp\/v2\/product\/402","targetHints":{"allow":["GET"]}}],"collection":[{"href":"https:\/\/it3sa.com\/fr\/wp-json\/wp\/v2\/product"}],"about":[{"href":"https:\/\/it3sa.com\/fr\/wp-json\/wp\/v2\/types\/product"}],"replies":[{"embeddable":true,"href":"https:\/\/it3sa.com\/fr\/wp-json\/wp\/v2\/comments?post=402"}],"wp:featuredmedia":[{"embeddable":true,"href":"https:\/\/it3sa.com\/fr\/wp-json\/wp\/v2\/media\/2763"}],"wp:attachment":[{"href":"https:\/\/it3sa.com\/fr\/wp-json\/wp\/v2\/media?parent=402"}],"wp:term":[{"taxonomy":"product_brand","embeddable":true,"href":"https:\/\/it3sa.com\/fr\/wp-json\/wp\/v2\/product_brand?post=402"},{"taxonomy":"product_cat","embeddable":true,"href":"https:\/\/it3sa.com\/fr\/wp-json\/wp\/v2\/product_cat?post=402"},{"taxonomy":"product_tag","embeddable":true,"href":"https:\/\/it3sa.com\/fr\/wp-json\/wp\/v2\/product_tag?post=402"}],"curies":[{"name":"wp","href":"https:\/\/api.w.org\/{rel}","templated":true}]}}