{"id":420,"date":"2015-04-10T11:24:25","date_gmt":"2015-04-10T11:24:25","guid":{"rendered":"http:\/\/it3sa.com\/producto\/hidrofugante-2\/"},"modified":"2023-05-15T15:15:58","modified_gmt":"2023-05-15T15:15:58","slug":"hydrofuge","status":"publish","type":"product","link":"https:\/\/it3sa.com\/fr\/producto\/hydrofuge\/","title":{"rendered":"Hydrofuge"},"content":{"rendered":"<p>Produit liquide hydrofuge, incolore, transparent, applicable sur surfaces absorbantes (pr\u00e9fabriqu\u00e9s, fibrociment, etc.\u2026) Tensioactif pr\u00e9par\u00e9 aqueux. Il est rigoureusement imperm\u00e9able, transpire et permet l\u2019\u00e9vacuation de la vapeur d\u2019eau. Il n\u2019alt\u00e8re ni la texture ni la couleur du support. Une fois appliqu\u00e9, il est auto lavable.<\/p>\n<h3>Pr\u00e9sentations<\/h3>\n<ul>\n<li>Bidon 25 Lts.<\/li>\n<li>Bidon 5 Lts.<\/li>\n<\/ul>\n","protected":false},"excerpt":{"rendered":"<p>Produit liquide hydrofuge, incolore, transparent, applicable sur surfaces absorbantes (pr\u00e9fabriqu\u00e9s, fibrociment, etc.\u2026) Tensioactif pr\u00e9par\u00e9 aqueux. Il est rigoureusement imperm\u00e9able, transpire et permet l\u2019\u00e9vacuation de la vapeur d\u2019eau. Il n\u2019alt\u00e8re ni la texture ni la couleur du support. Une fois appliqu\u00e9, il est auto lavable.<\/p>\n<h3>Pr\u00e9sentations<\/h3>\n<ul>\n<li>Bidon 25 Lts.<\/li>\n<li>Bidon 5 Lts.<\/li>\n<\/ul>\n","protected":false},"featured_media":2868,"comment_status":"open","ping_status":"closed","template":"","meta":{"_et_pb_use_builder":"","_et_pb_old_content":"","_et_gb_content_width":""},"product_brand":[],"product_cat":[26],"product_tag":[],"class_list":{"0":"post-420","1":"product","2":"type-product","3":"status-publish","4":"has-post-thumbnail","6":"product_cat-traitements-liquides","8":"first","9":"instock","10":"shipping-taxable","11":"product-type-simple"},"_links":{"self":[{"href":"https:\/\/it3sa.com\/fr\/wp-json\/wp\/v2\/product\/420","targetHints":{"allow":["GET"]}}],"collection":[{"href":"https:\/\/it3sa.com\/fr\/wp-json\/wp\/v2\/product"}],"about":[{"href":"https:\/\/it3sa.com\/fr\/wp-json\/wp\/v2\/types\/product"}],"replies":[{"embeddable":true,"href":"https:\/\/it3sa.com\/fr\/wp-json\/wp\/v2\/comments?post=420"}],"wp:featuredmedia":[{"embeddable":true,"href":"https:\/\/it3sa.com\/fr\/wp-json\/wp\/v2\/media\/2868"}],"wp:attachment":[{"href":"https:\/\/it3sa.com\/fr\/wp-json\/wp\/v2\/media?parent=420"}],"wp:term":[{"taxonomy":"product_brand","embeddable":true,"href":"https:\/\/it3sa.com\/fr\/wp-json\/wp\/v2\/product_brand?post=420"},{"taxonomy":"product_cat","embeddable":true,"href":"https:\/\/it3sa.com\/fr\/wp-json\/wp\/v2\/product_cat?post=420"},{"taxonomy":"product_tag","embeddable":true,"href":"https:\/\/it3sa.com\/fr\/wp-json\/wp\/v2\/product_tag?post=420"}],"curies":[{"name":"wp","href":"https:\/\/api.w.org\/{rel}","templated":true}]}}